{"id":148,"date":"2018-10-11T19:29:23","date_gmt":"2018-10-11T19:29:23","guid":{"rendered":"http:\/\/geojrs.com\/?page_id=148"},"modified":"2020-08-10T21:33:02","modified_gmt":"2020-08-10T19:33:02","slug":"148-2","status":"publish","type":"page","link":"https:\/\/www.geojrs.com\/?page_id=148","title":{"rendered":"Wander-Cache-Runden"},"content":{"rendered":"<p><strong>Baden W\u00fcrttemberg:<\/strong><\/p>\n<p><a href=\"https:\/\/www.geocaching.com\/geocache\/GC7TVK7_geopfad-hugelweg-final?guid=561670bc-32b3-4cfe-9003-74d7619fc9fb\">GC7TVK7 Geopfad Huegelweg Final<\/a> 25 Tradi + Bonus, 20 km, 5 Stunden<\/p>\n<p><strong><a href=\"https:\/\/www.geocaching.com\/geocache\/GC2PGR8_schomberger-glucks-trail-bonus\" target=\"_blank\" rel=\"noopener noreferrer\">GC2PGR8 Sch\u00f6mberger Gl\u00fccks-Trail<\/a> <\/strong>30 Tradi + Bonus, 12 km, unter 4 Stunden<\/p>\n<p><a href=\"https:\/\/www.geocaching.com\/geocache\/GC372DF_wisdom-trail-bonus-nagoldtal-geocaching\" target=\"_blank\" rel=\"noopener noreferrer\">G<\/a><a href=\"https:\/\/www.geocaching.com\/geocache\/GC372DF_wisdom-trail-bonus-nagoldtal-geocaching\" target=\"_blank\" rel=\"noopener noreferrer\">C372DF Wisdom-Trail<\/a>30 Tradi + Bonus, 14 km, 4 Stunden<\/p>\n<p><a href=\"https:\/\/coord.info\/GC6QW29\">GC6QW29 Villa Kunterbunt<\/a> 53 Mysteries + Bonus, 22 km, 6,5 Stunden<\/p>\n<p><a href=\"https:\/\/coord.info\/GC49X7A\" target=\"_blank\" rel=\"noopener noreferrer\">GC49X7A Albtal-Trail<\/a> 31 Tradis + Bonus, 17 km, 5 Stunden<\/p>\n<p><a href=\"https:\/\/coord.info\/GC6XG49\" target=\"_blank\" rel=\"noopener noreferrer\">GC6XG49 Bohmberg 01<\/a> 22 Tradis, 7 km<\/p>\n<p><a href=\"https:\/\/coord.info\/GC6TMH9\" target=\"_blank\" rel=\"noopener noreferrer\">GC6TMH9 Nr. 01 Ei-Lo Runde<\/a> 27 Tradis, 8 km<\/p>\n<p><a href=\"https:\/\/coord.info\/GC2CRE8\" target=\"_blank\" rel=\"noopener noreferrer\">GC2CRE831 Hohenwarter Rundweg<\/a> 31 Tradis, 12 km, 3-4 Stunden<\/p>\n<p><a href=\"https:\/\/coord.info\/GC7401V\" target=\"_blank\" rel=\"noopener noreferrer\">GC7401V Von ABBA bis Zander (BONUS)<\/a> 26 Tradis + Bonus, 9km<\/p>\n<p><a href=\"https:\/\/www.geocaching.com\/geocache\/GC2CQHP_01-hohenwarter-rundweg\" target=\"_blank\" rel=\"noopener noreferrer\">GC2CQHP_01-hohenwarter-rundweg<\/a> &#8211; 31 Caches, 12 km, 3-4 Stunden<\/p>\n<p><a href=\"https:\/\/coord.info\/GC4RZ5P\" target=\"_blank\" rel=\"noopener noreferrer\">GC4RZ5P Bonus Kloster-Trail Bad Herrenalb<\/a> 30 Tradis + Bonus, 12 km<\/p>\n<p><strong>Frankreich:<\/strong><\/p>\n<p><a href=\"https:\/\/coord.info\/GC5GZ9B\" target=\"_blank\" rel=\"noopener noreferrer\">GC5GZ9B [RNT25] Merveilles du monde &#8211; BONUS<\/a> 24 + Bounus<\/p>\n<p><strong>Rheinland-Pfalz:<\/strong><\/p>\n<p><a href=\"https:\/\/coord.info\/GC7H472\" target=\"_blank\" rel=\"noopener noreferrer\">Bonus! Das sind Edelsteine<\/a> &#8211; 10 km, 270 H\u00f6henmeter, 42 Tradi + Bonus<\/p>\n<p><strong>Saarland:<\/strong><\/p>\n<p><a href=\"https:\/\/coord.info\/GC6X401\" target=\"_blank\" rel=\"noopener noreferrer\">GC6X401 #01 Maije im Wald<\/a> 40 Tradis<\/p>\n<p><a href=\"https:\/\/coord.info\/GC6666C\" target=\"_blank\" rel=\"noopener noreferrer\">GC6666C Bonus Saarland &#8211; Quiz <\/a>49 Fragezeichen + Bonus<\/p>\n<p><strong>Sachsen:<\/strong><\/p>\n<p><a href=\"https:\/\/coord.info\/GC6E1CT\" target=\"_blank\" rel=\"noopener noreferrer\">GC6E1CT Spencers Panoramaweg 1<\/a> 18 km<\/p>\n<p><a href=\"https:\/\/coord.info\/GC81NE4\" target=\"_blank\" rel=\"noopener noreferrer\">GC81NE4 Freunde des Waldes<\/a> 9km<\/p>\n<p><strong>Schweiz:<\/strong><\/p>\n<p><a href=\"https:\/\/coord.info\/GC7N5YN\" target=\"_blank\" rel=\"noopener noreferrer\">GC7N5YN Forest #01 &#8211; Pappel &#8211; Populus<\/a> 21 Tradis, 2 Multi<\/p>\n<p><strong>Th\u00fcringen:<\/strong><\/p>\n<p><a href=\"https:\/\/www.geocaching.com\/geocache\/GC7QXQ5_38-bonus-zur-froschbach-runde\" target=\"_blank\" rel=\"noopener noreferrer\">GC7QXQ5 Froschbach-Runde<\/a> 37 Tradis + Bonus, 10 km, 3 1\/4 Stunden<\/p>\n<p><a href=\"https:\/\/coord.info\/GC4EHC5\" target=\"_blank\" rel=\"noopener noreferrer\">GC4EHC5 K\u00e4mmera-Wurm #1<\/a> 24 Tradis, 12 km<\/p>\n","protected":false},"excerpt":{"rendered":"<p>Baden W\u00fcrttemberg: GC7TVK7 Geopfad Huegelweg Final 25 Tradi + Bonus, 20 km, 5 Stunden GC2PGR8 Sch\u00f6mberger Gl\u00fccks-Trail 30 Tradi + Bonus, 12 km, unter 4 Stunden GC372DF Wisdom-Trail30 Tradi + Bonus, 14 km, 4 Stunden GC6QW29 Villa Kunterbunt 53 Mysteries + Bonus, 22 km, 6,5 Stunden GC49X7A Albtal-Trail 31 Tradis + Bonus, 17 km, 5 &hellip; <a href=\"https:\/\/www.geojrs.com\/?page_id=148\" class=\"more-link\"><span class=\"screen-reader-text\">Wander-Cache-Runden<\/span> weiterlesen <span class=\"meta-nav\">&rarr;<\/span><\/a><\/p>\n","protected":false},"author":1,"featured_media":0,"parent":101,"menu_order":0,"comment_status":"closed","ping_status":"closed","template":"page-templates\/full-width.php","meta":{"ngg_post_thumbnail":0,"footnotes":""},"class_list":["post-148","page","type-page","status-publish","hentry"],"jetpack_sharing_enabled":true,"_links":{"self":[{"href":"https:\/\/www.geojrs.com\/index.php?rest_route=\/wp\/v2\/pages\/148","targetHints":{"allow":["GET"]}}],"collection":[{"href":"https:\/\/www.geojrs.com\/index.php?rest_route=\/wp\/v2\/pages"}],"about":[{"href":"https:\/\/www.geojrs.com\/index.php?rest_route=\/wp\/v2\/types\/page"}],"author":[{"embeddable":true,"href":"https:\/\/www.geojrs.com\/index.php?rest_route=\/wp\/v2\/users\/1"}],"replies":[{"embeddable":true,"href":"https:\/\/www.geojrs.com\/index.php?rest_route=%2Fwp%2Fv2%2Fcomments&post=148"}],"version-history":[{"count":28,"href":"https:\/\/www.geojrs.com\/index.php?rest_route=\/wp\/v2\/pages\/148\/revisions"}],"predecessor-version":[{"id":2903,"href":"https:\/\/www.geojrs.com\/index.php?rest_route=\/wp\/v2\/pages\/148\/revisions\/2903"}],"up":[{"embeddable":true,"href":"https:\/\/www.geojrs.com\/index.php?rest_route=\/wp\/v2\/pages\/101"}],"wp:attachment":[{"href":"https:\/\/www.geojrs.com\/index.php?rest_route=%2Fwp%2Fv2%2Fmedia&parent=148"}],"curies":[{"name":"wp","href":"https:\/\/api.w.org\/{rel}","templated":true}]}}