{"id":1504,"date":"2019-01-05T16:22:24","date_gmt":"2019-01-05T15:22:24","guid":{"rendered":"https:\/\/www.geojrs.com\/?page_id=1504"},"modified":"2019-01-05T16:24:09","modified_gmt":"2019-01-05T15:24:09","slug":"klausgupf","status":"publish","type":"page","link":"https:\/\/www.geojrs.com\/?page_id=1504","title":{"rendered":"Klausgupf"},"content":{"rendered":"<p>Der Klausgupf ist eine Felsformation \u00e4hnlich wie der Dreisesselfelsen. Man erreicht diesen herrlichen Aussichtspunkt von Neureichenau \u00fcber die Michelklause oder von Altreichenau und Frauenberg \u00fcber die Ewigkeitsstra\u00dfe.<\/p>\n<p><img data-recalc-dims=\"1\" loading=\"lazy\" decoding=\"async\" class=\"aligncenter size-full wp-image-1487\" src=\"https:\/\/i0.wp.com\/www.geojrs.com\/wp-content\/uploads\/2019\/01\/img_4287.jpg?resize=474%2C356&#038;ssl=1\" alt=\"\" width=\"474\" height=\"356\" srcset=\"https:\/\/i0.wp.com\/www.geojrs.com\/wp-content\/uploads\/2019\/01\/img_4287.jpg?w=4032&amp;ssl=1 4032w, https:\/\/i0.wp.com\/www.geojrs.com\/wp-content\/uploads\/2019\/01\/img_4287.jpg?resize=300%2C225&amp;ssl=1 300w, https:\/\/i0.wp.com\/www.geojrs.com\/wp-content\/uploads\/2019\/01\/img_4287.jpg?resize=768%2C576&amp;ssl=1 768w, https:\/\/i0.wp.com\/www.geojrs.com\/wp-content\/uploads\/2019\/01\/img_4287.jpg?resize=1024%2C768&amp;ssl=1 1024w, https:\/\/i0.wp.com\/www.geojrs.com\/wp-content\/uploads\/2019\/01\/img_4287.jpg?w=948&amp;ssl=1 948w, https:\/\/i0.wp.com\/www.geojrs.com\/wp-content\/uploads\/2019\/01\/img_4287.jpg?w=1422&amp;ssl=1 1422w\" sizes=\"auto, (max-width: 474px) 100vw, 474px\" \/><\/p>\n<p>&nbsp;<\/p>\n","protected":false},"excerpt":{"rendered":"<p>Der Klausgupf ist eine Felsformation \u00e4hnlich wie der Dreisesselfelsen. Man erreicht diesen herrlichen Aussichtspunkt von Neureichenau \u00fcber die Michelklause oder von Altreichenau und Frauenberg \u00fcber die Ewigkeitsstra\u00dfe. &nbsp;<\/p>\n","protected":false},"author":1,"featured_media":0,"parent":517,"menu_order":0,"comment_status":"closed","ping_status":"closed","template":"page-templates\/full-width.php","meta":{"ngg_post_thumbnail":0,"footnotes":""},"class_list":["post-1504","page","type-page","status-publish","hentry"],"jetpack_sharing_enabled":true,"_links":{"self":[{"href":"https:\/\/www.geojrs.com\/index.php?rest_route=\/wp\/v2\/pages\/1504","targetHints":{"allow":["GET"]}}],"collection":[{"href":"https:\/\/www.geojrs.com\/index.php?rest_route=\/wp\/v2\/pages"}],"about":[{"href":"https:\/\/www.geojrs.com\/index.php?rest_route=\/wp\/v2\/types\/page"}],"author":[{"embeddable":true,"href":"https:\/\/www.geojrs.com\/index.php?rest_route=\/wp\/v2\/users\/1"}],"replies":[{"embeddable":true,"href":"https:\/\/www.geojrs.com\/index.php?rest_route=%2Fwp%2Fv2%2Fcomments&post=1504"}],"version-history":[{"count":2,"href":"https:\/\/www.geojrs.com\/index.php?rest_route=\/wp\/v2\/pages\/1504\/revisions"}],"predecessor-version":[{"id":1507,"href":"https:\/\/www.geojrs.com\/index.php?rest_route=\/wp\/v2\/pages\/1504\/revisions\/1507"}],"up":[{"embeddable":true,"href":"https:\/\/www.geojrs.com\/index.php?rest_route=\/wp\/v2\/pages\/517"}],"wp:attachment":[{"href":"https:\/\/www.geojrs.com\/index.php?rest_route=%2Fwp%2Fv2%2Fmedia&parent=1504"}],"curies":[{"name":"wp","href":"https:\/\/api.w.org\/{rel}","templated":true}]}}