{"id":1508,"date":"2019-01-05T16:31:20","date_gmt":"2019-01-05T15:31:20","guid":{"rendered":"https:\/\/www.geojrs.com\/?page_id=1508"},"modified":"2020-02-09T20:38:08","modified_gmt":"2020-02-09T19:38:08","slug":"regensburg","status":"publish","type":"page","link":"https:\/\/www.geojrs.com\/?page_id=1508","title":{"rendered":"Regensburg"},"content":{"rendered":"<p>Regensburg ist mit ca. 140.000 Einwohnern die viertgr\u00f6\u00dfte Stadt in <a title=\"Bayern\" href=\"https:\/\/de.wikivoyage.org\/wiki\/Bayern\">Bayern<\/a>. Sie ist das Zentrum der <a title=\"Oberpfalz\" href=\"https:\/\/de.wikivoyage.org\/wiki\/Oberpfalz\">Oberpfalz<\/a> und liegt am n\u00f6rdlichsten Punkt der Donau. Der r\u00f6mische Ursprung und die fast vollst\u00e4ndig erhaltene mittelalterliche Altstadt (Steinerne Br\u00fccke, Dom St. Peter, Altes Rathaus mit Reichstagssaal) machen Regensburg zu einem vielbesuchten Reiseziel. Seit 2006 geh\u00f6ren die Regensburger Altstadt und Stadtamhof zum UNESCO-Welterbe.<\/p>\nngg_shortcode_0_placeholder\n","protected":false},"excerpt":{"rendered":"<p>Regensburg ist mit ca. 140.000 Einwohnern die viertgr\u00f6\u00dfte Stadt in Bayern. Sie ist das Zentrum der Oberpfalz und liegt am n\u00f6rdlichsten Punkt der Donau. Der r\u00f6mische Ursprung und die fast vollst\u00e4ndig erhaltene mittelalterliche Altstadt (Steinerne Br\u00fccke, Dom St. Peter, Altes Rathaus mit Reichstagssaal) machen Regensburg zu einem vielbesuchten Reiseziel. Seit 2006 geh\u00f6ren die Regensburger Altstadt &hellip; <a href=\"https:\/\/www.geojrs.com\/?page_id=1508\" class=\"more-link\"><span class=\"screen-reader-text\">Regensburg<\/span> weiterlesen <span class=\"meta-nav\">&rarr;<\/span><\/a><\/p>\n","protected":false},"author":1,"featured_media":0,"parent":517,"menu_order":0,"comment_status":"closed","ping_status":"closed","template":"page-templates\/full-width.php","meta":{"ngg_post_thumbnail":0,"footnotes":""},"class_list":["post-1508","page","type-page","status-publish","hentry"],"jetpack_sharing_enabled":true,"_links":{"self":[{"href":"https:\/\/www.geojrs.com\/index.php?rest_route=\/wp\/v2\/pages\/1508","targetHints":{"allow":["GET"]}}],"collection":[{"href":"https:\/\/www.geojrs.com\/index.php?rest_route=\/wp\/v2\/pages"}],"about":[{"href":"https:\/\/www.geojrs.com\/index.php?rest_route=\/wp\/v2\/types\/page"}],"author":[{"embeddable":true,"href":"https:\/\/www.geojrs.com\/index.php?rest_route=\/wp\/v2\/users\/1"}],"replies":[{"embeddable":true,"href":"https:\/\/www.geojrs.com\/index.php?rest_route=%2Fwp%2Fv2%2Fcomments&post=1508"}],"version-history":[{"count":3,"href":"https:\/\/www.geojrs.com\/index.php?rest_route=\/wp\/v2\/pages\/1508\/revisions"}],"predecessor-version":[{"id":1516,"href":"https:\/\/www.geojrs.com\/index.php?rest_route=\/wp\/v2\/pages\/1508\/revisions\/1516"}],"up":[{"embeddable":true,"href":"https:\/\/www.geojrs.com\/index.php?rest_route=\/wp\/v2\/pages\/517"}],"wp:attachment":[{"href":"https:\/\/www.geojrs.com\/index.php?rest_route=%2Fwp%2Fv2%2Fmedia&parent=1508"}],"curies":[{"name":"wp","href":"https:\/\/api.w.org\/{rel}","templated":true}]}}