{"id":177,"date":"2018-10-13T17:03:42","date_gmt":"2018-10-13T15:03:42","guid":{"rendered":"http:\/\/geojrs.com\/?page_id=177"},"modified":"2025-03-26T20:59:53","modified_gmt":"2025-03-26T19:59:53","slug":"tradis-mysteries-multis","status":"publish","type":"page","link":"https:\/\/www.geojrs.com\/?page_id=177","title":{"rendered":"Die LHU Dosen"},"content":{"rendered":"<p>Tradis:<\/p>\n<p><a href=\"https:\/\/www.geocaching.com\/geocache\/GC9G76W\">GC9G76W LHU &#8230; Blumenaum\u00fchle &#8230; Gr\u00fcne Band Br\u00fccke<\/a><a href=\"https:\/\/www.geocaching.com\/geocache\/GC9G76W\">&nbsp;<\/a>Archiviert!<\/p>\n<p><a href=\"https:\/\/www.geocaching.com\/geocache\/GC9F1W3\">GC9F1W3 LHU &#8230; Goes Marles<\/a><\/p>\n<p><a href=\"https:\/\/www.geocaching.com\/geocache\/GC9EJ2H\">GC9EJ2H LHU &#8230; Der K\u00f6rper im Wein (III)<\/a><\/p>\n<p><a href=\"https:\/\/www.geocaching.com\/geocache\/GC9DT2A_lhu-eisschlag\" target=\"_blank\" rel=\"noopener noreferrer\">GC9DT2A LHU \u2026 Eisschlag<\/a><\/p>\n<p><a href=\"https:\/\/www.geocaching.com\/geocache\/GC968YH\" target=\"_blank\" rel=\"noopener noreferrer\">GC968YH LHU &#8230; Stahl tr\u00e4gt die Welt<\/a><\/p>\n<p><a href=\"https:\/\/www.geocaching.com\/geocache\/GC957BE_lhu-steillagenbankle?guid=b5469a4e-3588-4996-b7d9-cc570af56632\">GC957BE LHU &#8230; Steillagenb\u00e4nkle<\/a>&nbsp;<\/p>\n<p><a href=\"https:\/\/www.geocaching.com\/geocache\/GC94RN2\" target=\"_blank\" rel=\"noopener noreferrer\">GC94RN2 LHU &#8230; Der K\u00f6rper im Wein (II)<\/a> Archiviert!<\/p>\n<p><a href=\"https:\/\/www.geocaching.com\/geocache\/GC915HY\" target=\"_blank\" rel=\"noopener noreferrer\">GC915HY LHU &#8230; Mittendrin<\/a><\/p>\n<p><a href=\"https:\/\/www.geocaching.com\/geocache\/GC8Y3M6_lhu-artenschutzturm\">GC8Y3M6 LHU &#8230; Artenschutzturm<\/a> Archiviert!<\/p>\n<p><a href=\"https:\/\/www.geocaching.com\/geocache\/GC8XNRW_lhu-wanderhutte?guid=bf30c5df-9e87-47d0-9f2f-1c5f1bc43337\">GC8XNRW LHU &#8230; Wanderh\u00fctte<\/a> Archiviert!<\/p>\n<p><a href=\"https:\/\/www.geocaching.com\/geocache\/GC8WVDF_lhu-willkommen-in-brackenheim?guid=ca65f188-330c-4591-a5b4-f142cadb38dd\">GC8WVDF LHU &#8230; Willkommen in Brackenheim<\/a><\/p>\n<p><a href=\"https:\/\/www.geocaching.com\/geocache\/GC8TGKG_lhu-so-ein-argernis-lost-place?guid=2799d1c4-1dbe-4653-b977-05fe200ff950\">GC8TGKG LHU so ein \u00c4rgernis (Lost Place)<\/a><\/p>\n<p><a href=\"https:\/\/www.geocaching.com\/geocache\/GC8Q5YN_lhu-er-ist-noch-da?guid=e1981dd8-076c-41e9-bb1a-ff5a04335e53\" target=\"_blank\" rel=\"noopener noreferrer\">GC8Q5YN LHU &#8230; Er ist noch da<\/a><\/p>\n<p><a href=\"https:\/\/www.geocaching.com\/geocache\/GC8FVAQ_lhu-lauf-lhu-lauf\" target=\"_blank\" rel=\"noreferrer noopener\" aria-label=\" (\u00f6ffnet in neuem Tab)\">GC8FVAQ LHU \u2026 Lauf LHU Lauf<\/a><\/p>\n<p><a href=\"https:\/\/www.geocaching.com\/geocache\/GC8MV85_lhu-auf-dem-weg-zum-hornle\">GC8MV85 LHU &#8230; auf dem Weg zum H\u00f6rnle<\/a> Archiviert!<\/p>\n<p><a href=\"https:\/\/www.geocaching.com\/geocache\/GC8MQP4_lhu-1978\">GC8MQP4 LHU &#8230; 1978<\/a> Archiviert!<\/p>\n<p><a href=\"https:\/\/www.geocaching.com\/geocache\/GC8KW1P_lhu-der-korper-im-wein\">GC8KW1P &#8230; LHU der K\u00f6rper im Wein<\/a><\/p>\n<p><a href=\"https:\/\/www.geocaching.com\/geocache\/GC8JT7R_lhu-willkommen-in-der-grune\">GC8JT7R LHU &#8230; Willkommen in der Gr\u00fcne<\/a> Archiviert!<\/p>\n<p><a href=\"https:\/\/www.geocaching.com\/geocache\/GC8FH4N_lhu-grenzenlos\" target=\"_blank\" rel=\"noopener noreferrer\">GC8FH4N LHU &#8230; grenzenlos<\/a><\/p>\n<p><a href=\"https:\/\/www.geocaching.com\/geocachehttps:\/\/www.geocaching.com\/geocache\/GC8GVHQ_lhu-zu-spat?guid=dbfef16a-1690-41c9-8566-0f0adfd2d596\/GC8GVHQ_lhu-zu-spat?guid=dbfef16a-1690-41c9-8566-0f0adfd2d596\" target=\"_blank\" rel=\"noopener noreferrer\">GC8GVHQ LHU &#8230; zu sp\u00e4t<\/a> Archiviert!<\/p>\n<p><a href=\"https:\/\/www.geocaching.com\/geocache\/GC8FVB7_lhu-sonnenbank?guid=d851750c-2a92-4d0b-80f7-a7bdb064b001\" target=\"_blank\" rel=\"noopener noreferrer\">GC8FVB7 LHU &#8230; Sonnenbank<\/a> Archiviert!<\/p>\n<p><a href=\"https:\/\/coord.info\/GC56VF0\" target=\"_blank\" rel=\"noopener noreferrer\">GC56VF0 LHU &#8230; Schau mal dort &#8230;<\/a><\/p>\n<p><a href=\"https:\/\/coord.info\/GC57DNG\" target=\"_blank\" rel=\"noopener noreferrer\">GC57DNG LHU &#8230; Stone Henge<\/a> &#8211; Archiviert!<\/p>\n<p><a href=\"https:\/\/coord.info\/GC57M50\" target=\"_blank\" rel=\"noopener noreferrer\">GC57M50 LHU &#8230; Quo Vadis?<\/a><\/p>\n<p><a href=\"https:\/\/coord.info\/GC57DR2\" target=\"_blank\" rel=\"noopener noreferrer\">GC57DR2 LHU &#8230; der Weg ist das Ziel<\/a><\/p>\n<p><a href=\"http:\/\/LHU\u2026pedibus nudis\" target=\"_blank\" rel=\"noopener noreferrer\" data-wplink-url-error=\"true\">GC5C16P LHU &#8230; pedibus nudis<\/a> Archiviert!<\/p>\n<p><a href=\"https:\/\/coord.info\/GC5C7XM\" target=\"_blank\" rel=\"noopener noreferrer\">GC5C7XM LHU &#8230; MCMLXIV gigas<\/a> &#8211; Archiviert!<\/p>\n<p><a href=\"https:\/\/coord.info\/GC5MCZ4\" target=\"_blank\" rel=\"noopener noreferrer\">GC5MCZ4 LHU &#8230; Alle Jahre wieder<\/a> &#8211; Archiviert!<\/p>\n<p><a href=\"https:\/\/coord.info\/GC5RX7M\" target=\"_blank\" rel=\"noopener noreferrer\">GC5RX7M LHU &#8230; H\u00f6r mal wer da spricht<\/a><\/p>\n<p><a href=\"https:\/\/coord.info\/GC606Q4\" target=\"_blank\" rel=\"noopener noreferrer\">GC606Q4 LHU &#8230; Mann Ohm Mann<\/a> &#8211; Archiviert!<\/p>\n<p><a href=\"https:\/\/coord.info\/GC77JM3\" target=\"_blank\" rel=\"noopener noreferrer\">GC77JM3 LHU &#8230; in der Griene<\/a> &#8211; Archiviert!<\/p>\n<p><a href=\"https:\/\/coord.info\/GC77WN9\" target=\"_blank\" rel=\"noopener noreferrer\">GC77WN9 LHU &#8230; HIN und WEG<\/a> &#8211; Archiviert!<\/p>\n<p><a href=\"https:\/\/coord.info\/GC7NC7A\" target=\"_blank\" rel=\"noopener noreferrer\">GC7NC7A LHU &#8230; 2xWasserstoff+1xSauerstoff(LP)<\/a><\/p>\n<p><a href=\"https:\/\/www.geocaching.com\/geocache\/GC8DTQW\" target=\"_blank\" rel=\"noopener noreferrer\">GC8DTQW LHU &#8230; Episode 1<\/a><\/p>\n<p><a href=\"https:\/\/www.geocaching.com\/geocache\/GC8E06J_lhu-die-schmalste-gasse-in-brackenheim?guid=158b4e7e-b9fd-42d7-855b-1bbe0030600a\" target=\"_blank\" rel=\"noopener noreferrer\">GC8E06J LHU &#8230; Die schmalste Gasse in Brackenheim<\/a> &#8211; Archiviert!<\/p>\n<p><a href=\"https:\/\/www.geocaching.com\/geocache\/GC8FATC_lhu-schau-ins-land?guid=daada66d-203d-4298-a332-8b40b32ddf96\" target=\"_blank\" rel=\"noopener noreferrer\">GC8FATC LHU &#8230; schau ins Land<\/a><\/p>\n<p><a href=\"https:\/\/www.geocaching.com\/geocache\/GC2MZMM\" target=\"_blank\" rel=\"noopener noreferrer\">GC2MZMM Historischer Kran<\/a> &#8211; Archiviert!<\/p>\n<p>Multis:<\/p>\n<p><a href=\"https:\/\/coord.info\/GC6MG7Q\" target=\"_blank\" rel=\"noopener noreferrer\">GC6MG7Q LHU &#8230; hier endet es<\/a> Archiviert!<\/p>\n<p><a href=\"https:\/\/www.geocaching.com\/geocache\/GC2P3JR_fiese-staffel\">GC2P3JR Fiese Staffel<\/a><\/p>\n<p>Kurzmultis:<\/p>\n<p><a href=\"https:\/\/www.geocaching.com\/geocache\/GC8MZJQ\" target=\"_blank\" rel=\"noopener noreferrer\">GC8MZJQ LHU &#8230; &#8222;Kurzmulti&#8220;&#8230; es staut<\/a><\/p>\n<p><a href=\"https:\/\/www.geocaching.com\/geocache\/GC8GKKH_lhu-backhaus?guid=6fb28432-b177-49d1-893f-b632ad0dc010\" target=\"_blank\" rel=\"noopener noreferrer\">GC8GKKH LHU &#8230; Backhaus<\/a><\/p>\n<p>Mysteries:<\/p>\n<p><a href=\"https:\/\/www.geocaching.com\/geocache\/GC8TD5E_lab-bonus-lhu-brackenheim?guid=07305597-faaf-4deb-b88a-e1d486d388ab\">GC8TD5E LAB Bonus LHU Brackenheim<\/a><\/p>\n<p><a href=\"https:\/\/coord.info\/GC66MC4\" target=\"_blank\" rel=\"noopener noreferrer\">GC66MC4 LHU &#8230; Ahhhh<\/a><\/p>\n<p><a href=\"https:\/\/coord.info\/GC6A0XE\" target=\"_blank\" rel=\"noopener noreferrer\">GC6A0XE LHU &#8230; HOUND<\/a> Archiviert!<\/p>\n<p>Letterboxen:<\/p>\n<p><a href=\"https:\/\/www.geocaching.com\/geocache\/GC8QG7F_lhu-stempel-pfennig-box?guid=9490e1f0-ed2d-466e-baa5-04c045d76b81\" target=\"_blank\" rel=\"noopener noreferrer\">GC8QG7F LHU &#8230; Stempel-Pfennig-Box<\/a><\/p>\n<p>&nbsp;<\/p>\n<p>&nbsp;<\/p>\n","protected":false},"excerpt":{"rendered":"<p>Tradis: GC9G76W LHU &#8230; Blumenaum\u00fchle &#8230; Gr\u00fcne Band Br\u00fccke&nbsp;Archiviert! GC9F1W3 LHU &#8230; Goes Marles GC9EJ2H LHU &#8230; Der K\u00f6rper im Wein (III) GC9DT2A LHU \u2026 Eisschlag GC968YH LHU &#8230; Stahl tr\u00e4gt die Welt GC957BE LHU &#8230; Steillagenb\u00e4nkle&nbsp; GC94RN2 LHU &#8230; Der K\u00f6rper im Wein (II) Archiviert! GC915HY LHU &#8230; Mittendrin GC8Y3M6 LHU &#8230; Artenschutzturm Archiviert! &hellip; <a href=\"https:\/\/www.geojrs.com\/?page_id=177\" class=\"more-link\"><span class=\"screen-reader-text\">Die LHU Dosen<\/span> weiterlesen <span class=\"meta-nav\">&rarr;<\/span><\/a><\/p>\n","protected":false},"author":1,"featured_media":0,"parent":175,"menu_order":0,"comment_status":"closed","ping_status":"closed","template":"page-templates\/full-width.php","meta":{"ngg_post_thumbnail":0,"footnotes":""},"class_list":["post-177","page","type-page","status-publish","hentry"],"jetpack_sharing_enabled":true,"_links":{"self":[{"href":"https:\/\/www.geojrs.com\/index.php?rest_route=\/wp\/v2\/pages\/177","targetHints":{"allow":["GET"]}}],"collection":[{"href":"https:\/\/www.geojrs.com\/index.php?rest_route=\/wp\/v2\/pages"}],"about":[{"href":"https:\/\/www.geojrs.com\/index.php?rest_route=\/wp\/v2\/types\/page"}],"author":[{"embeddable":true,"href":"https:\/\/www.geojrs.com\/index.php?rest_route=\/wp\/v2\/users\/1"}],"replies":[{"embeddable":true,"href":"https:\/\/www.geojrs.com\/index.php?rest_route=%2Fwp%2Fv2%2Fcomments&post=177"}],"version-history":[{"count":36,"href":"https:\/\/www.geojrs.com\/index.php?rest_route=\/wp\/v2\/pages\/177\/revisions"}],"predecessor-version":[{"id":3883,"href":"https:\/\/www.geojrs.com\/index.php?rest_route=\/wp\/v2\/pages\/177\/revisions\/3883"}],"up":[{"embeddable":true,"href":"https:\/\/www.geojrs.com\/index.php?rest_route=\/wp\/v2\/pages\/175"}],"wp:attachment":[{"href":"https:\/\/www.geojrs.com\/index.php?rest_route=%2Fwp%2Fv2%2Fmedia&parent=177"}],"curies":[{"name":"wp","href":"https:\/\/api.w.org\/{rel}","templated":true}]}}