{"id":2215,"date":"2019-10-21T16:33:52","date_gmt":"2019-10-21T14:33:52","guid":{"rendered":"https:\/\/www.geojrs.com\/?page_id=2215"},"modified":"2024-03-03T19:48:29","modified_gmt":"2024-03-03T18:48:29","slug":"zum-nachtschmied-goerlitz","status":"publish","type":"page","link":"https:\/\/www.geojrs.com\/?page_id=2215","title":{"rendered":"Zum Nachtschmied &#8211; G\u00f6rlitz"},"content":{"rendered":"\n<p><a rel=\"noreferrer noopener\" aria-label=\"Das Schankhaus (\u00f6ffnet in neuem Tab)\" href=\"https:\/\/www.zum-nachtschmied.de\/\" target=\"_blank\">Das Schankhaus<\/a> mit Ambiente in G\u00f6rlitz.  <\/p>\n\n\n\n<p>Gro\u00dfen Wert legt der Nachtschmied auf angenehme Atmosph\u00e4re bei Kerzenschein, anspruchsvoller    Musik (auch Live) und individueller Betreuung. Der K\u00fcchenchef bietet ausschlie\u00dflich gutb\u00fcrgerliche und    regionale, schlesische Spezialit\u00e4ten.<\/p>\n\n\n\n<figure class=\"wp-block-image\"><img data-recalc-dims=\"1\" loading=\"lazy\" decoding=\"async\" width=\"474\" height=\"356\" src=\"https:\/\/i0.wp.com\/www.geojrs.com\/wp-content\/uploads\/2019\/10\/Goerlitz3.jpg?resize=474%2C356&#038;ssl=1\" alt=\"\" class=\"wp-image-2219\" srcset=\"https:\/\/i0.wp.com\/www.geojrs.com\/wp-content\/uploads\/2019\/10\/Goerlitz3.jpg?resize=1024%2C768&amp;ssl=1 1024w, https:\/\/i0.wp.com\/www.geojrs.com\/wp-content\/uploads\/2019\/10\/Goerlitz3.jpg?resize=300%2C225&amp;ssl=1 300w, https:\/\/i0.wp.com\/www.geojrs.com\/wp-content\/uploads\/2019\/10\/Goerlitz3.jpg?resize=768%2C576&amp;ssl=1 768w, https:\/\/i0.wp.com\/www.geojrs.com\/wp-content\/uploads\/2019\/10\/Goerlitz3.jpg?w=1280&amp;ssl=1 1280w, https:\/\/i0.wp.com\/www.geojrs.com\/wp-content\/uploads\/2019\/10\/Goerlitz3.jpg?w=948&amp;ssl=1 948w\" sizes=\"auto, (max-width: 474px) 100vw, 474px\" \/><\/figure>\n\n\n\n<figure class=\"wp-block-image\"><img data-recalc-dims=\"1\" loading=\"lazy\" decoding=\"async\" width=\"192\" height=\"256\" src=\"https:\/\/i0.wp.com\/www.geojrs.com\/wp-content\/uploads\/2019\/04\/IMG_5196.jpg?resize=192%2C256&#038;ssl=1\" alt=\"\" class=\"wp-image-1654\"\/><\/figure>\n\n\n\n<iframe src=\"https:\/\/www.google.com\/maps\/embed?pb=!1m18!1m12!1m3!1d2502.462929222896!2d14.983571076297459!3d51.155254371735396!2m3!1f0!2f0!3f0!3m2!1i1024!2i768!4f13.1!3m3!1m2!1s0x4708dc3085ad9ddd%3A0x716091b4bb03825d!2sZum%20Nachtschmied%20-%20Schankhaus!5e0!3m2!1sde!2sde!4v1709491681436!5m2!1sde!2sde\" width=\"600\" height=\"450\" style=\"border:0;\" allowfullscreen=\"\" loading=\"lazy\" referrerpolicy=\"no-referrer-when-downgrade\"><\/iframe>\n","protected":false},"excerpt":{"rendered":"<p>Das Schankhaus mit Ambiente in G\u00f6rlitz. Gro\u00dfen Wert legt der Nachtschmied auf angenehme Atmosph\u00e4re bei Kerzenschein, anspruchsvoller Musik (auch Live) und individueller Betreuung. Der K\u00fcchenchef bietet ausschlie\u00dflich gutb\u00fcrgerliche und regionale, schlesische Spezialit\u00e4ten.<\/p>\n","protected":false},"author":1,"featured_media":0,"parent":2198,"menu_order":0,"comment_status":"closed","ping_status":"closed","template":"","meta":{"ngg_post_thumbnail":0,"footnotes":""},"class_list":["post-2215","page","type-page","status-publish","hentry"],"jetpack_sharing_enabled":true,"_links":{"self":[{"href":"https:\/\/www.geojrs.com\/index.php?rest_route=\/wp\/v2\/pages\/2215","targetHints":{"allow":["GET"]}}],"collection":[{"href":"https:\/\/www.geojrs.com\/index.php?rest_route=\/wp\/v2\/pages"}],"about":[{"href":"https:\/\/www.geojrs.com\/index.php?rest_route=\/wp\/v2\/types\/page"}],"author":[{"embeddable":true,"href":"https:\/\/www.geojrs.com\/index.php?rest_route=\/wp\/v2\/users\/1"}],"replies":[{"embeddable":true,"href":"https:\/\/www.geojrs.com\/index.php?rest_route=%2Fwp%2Fv2%2Fcomments&post=2215"}],"version-history":[{"count":4,"href":"https:\/\/www.geojrs.com\/index.php?rest_route=\/wp\/v2\/pages\/2215\/revisions"}],"predecessor-version":[{"id":3780,"href":"https:\/\/www.geojrs.com\/index.php?rest_route=\/wp\/v2\/pages\/2215\/revisions\/3780"}],"up":[{"embeddable":true,"href":"https:\/\/www.geojrs.com\/index.php?rest_route=\/wp\/v2\/pages\/2198"}],"wp:attachment":[{"href":"https:\/\/www.geojrs.com\/index.php?rest_route=%2Fwp%2Fv2%2Fmedia&parent=2215"}],"curies":[{"name":"wp","href":"https:\/\/api.w.org\/{rel}","templated":true}]}}