{"id":231,"date":"2018-10-15T19:26:02","date_gmt":"2018-10-15T17:26:02","guid":{"rendered":"http:\/\/geojrs.com\/?page_id=231"},"modified":"2018-10-20T19:50:19","modified_gmt":"2018-10-20T17:50:19","slug":"finden-in-baden-wuerttemberg","status":"publish","type":"page","link":"https:\/\/www.geojrs.com\/?page_id=231","title":{"rendered":"zu finden in Baden W\u00fcrttemberg"},"content":{"rendered":"<p><a href=\"http:\/\/coord.info\/GC48RTT\"><img data-recalc-dims=\"1\" decoding=\"async\" src=\"https:\/\/i0.wp.com\/img.geocaching.com\/cache\/large\/8001d766-574e-45ae-bc00-6be6cc56ed5a.jpg?w=474\" \/><\/a><\/p>\n<p><a href=\"https:\/\/coord.info\/GC1H723\" target=\"_blank\" rel=\"noopener\">GC1H723 Sch\u00fcttel dein Haar f\u00fcr mich&#8230; (Reloaded)<\/a><\/p>\n<p><a href=\"https:\/\/coord.info\/GC48RTT\" target=\"_blank\" rel=\"noopener\">GC48RTT Wanderprofis TB-B\u00e4nkle<\/a><\/p>\n<p><a href=\"https:\/\/coord.info\/GC438\" target=\"_blank\" rel=\"noopener\">GC438 49N9E<\/a><\/p>\n<p><a href=\"https:\/\/coord.info\/GC1JP6C\" target=\"_blank\" rel=\"noopener\">GC1JP6C Traffic Counter \/ GPS-Referenzpunkt Stuttgart<\/a><\/p>\n<p><a href=\"https:\/\/coord.info\/GC40NVE\" target=\"_blank\" rel=\"noopener\">GC40NVE Glucksometer<\/a><\/p>\n<p><a href=\"https:\/\/coord.info\/GC45VWF\" target=\"_blank\" rel=\"noopener\">GC45VWF Folge mir nicht, ich habe mich auch verfahren !!!<\/a><\/p>\n","protected":false},"excerpt":{"rendered":"<p>GC1H723 Sch\u00fcttel dein Haar f\u00fcr mich&#8230; (Reloaded) GC48RTT Wanderprofis TB-B\u00e4nkle GC438 49N9E GC1JP6C Traffic Counter \/ GPS-Referenzpunkt Stuttgart GC40NVE Glucksometer GC45VWF Folge mir nicht, ich habe mich auch verfahren !!!<\/p>\n","protected":false},"author":1,"featured_media":0,"parent":227,"menu_order":0,"comment_status":"closed","ping_status":"closed","template":"page-templates\/full-width.php","meta":{"ngg_post_thumbnail":0,"footnotes":""},"class_list":["post-231","page","type-page","status-publish","hentry"],"jetpack_sharing_enabled":true,"_links":{"self":[{"href":"https:\/\/www.geojrs.com\/index.php?rest_route=\/wp\/v2\/pages\/231","targetHints":{"allow":["GET"]}}],"collection":[{"href":"https:\/\/www.geojrs.com\/index.php?rest_route=\/wp\/v2\/pages"}],"about":[{"href":"https:\/\/www.geojrs.com\/index.php?rest_route=\/wp\/v2\/types\/page"}],"author":[{"embeddable":true,"href":"https:\/\/www.geojrs.com\/index.php?rest_route=\/wp\/v2\/users\/1"}],"replies":[{"embeddable":true,"href":"https:\/\/www.geojrs.com\/index.php?rest_route=%2Fwp%2Fv2%2Fcomments&post=231"}],"version-history":[{"count":8,"href":"https:\/\/www.geojrs.com\/index.php?rest_route=\/wp\/v2\/pages\/231\/revisions"}],"predecessor-version":[{"id":558,"href":"https:\/\/www.geojrs.com\/index.php?rest_route=\/wp\/v2\/pages\/231\/revisions\/558"}],"up":[{"embeddable":true,"href":"https:\/\/www.geojrs.com\/index.php?rest_route=\/wp\/v2\/pages\/227"}],"wp:attachment":[{"href":"https:\/\/www.geojrs.com\/index.php?rest_route=%2Fwp%2Fv2%2Fmedia&parent=231"}],"curies":[{"name":"wp","href":"https:\/\/api.w.org\/{rel}","templated":true}]}}