{"id":2599,"date":"2020-06-04T21:43:30","date_gmt":"2020-06-04T19:43:30","guid":{"rendered":"https:\/\/www.geojrs.com\/?page_id=2599"},"modified":"2020-06-04T21:43:30","modified_gmt":"2020-06-04T19:43:30","slug":"elstertalbruecke-poehl-sachsen","status":"publish","type":"page","link":"https:\/\/www.geojrs.com\/?page_id=2599","title":{"rendered":"Elstertalbr\u00fccke P\u00f6hl (Sachsen)"},"content":{"rendered":"\n<p>Die <a rel=\"noreferrer noopener\" aria-label=\"Elstertalbr\u00fccke (\u00f6ffnet in neuem Tab)\" href=\"https:\/\/de.wikipedia.org\/wiki\/Elstertalbr%C3%BCcke\" target=\"_blank\">Elstertalbr\u00fccke<\/a> ist eine Eisenbahnbr\u00fccke in Sachsen. Sie  \u00fcberf\u00fchrt die Bahnstrecke Leipzig\u2013Hof bei Jocketa \u00fcber das Tal der  Wei\u00dfen Elster. Sie gilt nach der G\u00f6ltzschtalbr\u00fccke als zweitgr\u00f6\u00dfte  Ziegelsteinbr\u00fccke der Welt.<\/p>\n\n\n\nngg_shortcode_0_placeholder\n","protected":false},"excerpt":{"rendered":"<p>Die Elstertalbr\u00fccke ist eine Eisenbahnbr\u00fccke in Sachsen. Sie \u00fcberf\u00fchrt die Bahnstrecke Leipzig\u2013Hof bei Jocketa \u00fcber das Tal der Wei\u00dfen Elster. Sie gilt nach der G\u00f6ltzschtalbr\u00fccke als zweitgr\u00f6\u00dfte Ziegelsteinbr\u00fccke der Welt.<\/p>\n","protected":false},"author":1,"featured_media":0,"parent":2597,"menu_order":0,"comment_status":"closed","ping_status":"closed","template":"","meta":{"ngg_post_thumbnail":0,"footnotes":""},"class_list":["post-2599","page","type-page","status-publish","hentry"],"jetpack_sharing_enabled":true,"_links":{"self":[{"href":"https:\/\/www.geojrs.com\/index.php?rest_route=\/wp\/v2\/pages\/2599","targetHints":{"allow":["GET"]}}],"collection":[{"href":"https:\/\/www.geojrs.com\/index.php?rest_route=\/wp\/v2\/pages"}],"about":[{"href":"https:\/\/www.geojrs.com\/index.php?rest_route=\/wp\/v2\/types\/page"}],"author":[{"embeddable":true,"href":"https:\/\/www.geojrs.com\/index.php?rest_route=\/wp\/v2\/users\/1"}],"replies":[{"embeddable":true,"href":"https:\/\/www.geojrs.com\/index.php?rest_route=%2Fwp%2Fv2%2Fcomments&post=2599"}],"version-history":[{"count":1,"href":"https:\/\/www.geojrs.com\/index.php?rest_route=\/wp\/v2\/pages\/2599\/revisions"}],"predecessor-version":[{"id":2605,"href":"https:\/\/www.geojrs.com\/index.php?rest_route=\/wp\/v2\/pages\/2599\/revisions\/2605"}],"up":[{"embeddable":true,"href":"https:\/\/www.geojrs.com\/index.php?rest_route=\/wp\/v2\/pages\/2597"}],"wp:attachment":[{"href":"https:\/\/www.geojrs.com\/index.php?rest_route=%2Fwp%2Fv2%2Fmedia&parent=2599"}],"curies":[{"name":"wp","href":"https:\/\/api.w.org\/{rel}","templated":true}]}}