{"id":2624,"date":"2020-06-06T19:46:56","date_gmt":"2020-06-06T17:46:56","guid":{"rendered":"https:\/\/www.geojrs.com\/?page_id=2624"},"modified":"2020-06-06T19:46:56","modified_gmt":"2020-06-06T17:46:56","slug":"goeltzschtalbruecke","status":"publish","type":"page","link":"https:\/\/www.geojrs.com\/?page_id=2624","title":{"rendered":"G\u00f6ltzschtalbr\u00fccke"},"content":{"rendered":"\n<p>Die G\u00f6ltzschtalbr\u00fccke im s\u00e4chsischen Vogtlandkreis ist die gr\u00f6\u00dfte Ziegelstein\u00adbr\u00fccke der Welt. Der Viadukt mit insgesamt 98 B\u00f6gen gilt als Wahrzeichen des Vogtlands und \u00fcberspannt zweigleisig auf der Bahnstrecke Leipzig\u2013Hof das Tal der G\u00f6ltzsch zwischen den Orten Reichenbach im Vogtland und Netzschkau. Wikipedia<\/p>\n\n\n\n<figure class=\"wp-block-image\"><img loading=\"lazy\" decoding=\"async\" width=\"960\" height=\"1280\" src=\"https:\/\/i1.wp.com\/www.geojrs.com\/wp-content\/uploads\/2020\/06\/IMG_9802.jpg?fit=474%2C632&amp;ssl=1\" alt=\"\" class=\"wp-image-2625\" srcset=\"https:\/\/i0.wp.com\/www.geojrs.com\/wp-content\/uploads\/2020\/06\/IMG_9802.jpg?w=960&amp;ssl=1 960w, https:\/\/i0.wp.com\/www.geojrs.com\/wp-content\/uploads\/2020\/06\/IMG_9802.jpg?resize=225%2C300&amp;ssl=1 225w, https:\/\/i0.wp.com\/www.geojrs.com\/wp-content\/uploads\/2020\/06\/IMG_9802.jpg?resize=768%2C1024&amp;ssl=1 768w\" sizes=\"auto, (max-width: 474px) 100vw, 474px\" \/><\/figure>\n","protected":false},"excerpt":{"rendered":"<p>Die G\u00f6ltzschtalbr\u00fccke im s\u00e4chsischen Vogtlandkreis ist die gr\u00f6\u00dfte Ziegelstein\u00adbr\u00fccke der Welt. Der Viadukt mit insgesamt 98 B\u00f6gen gilt als Wahrzeichen des Vogtlands und \u00fcberspannt zweigleisig auf der Bahnstrecke Leipzig\u2013Hof das Tal der G\u00f6ltzsch zwischen den Orten Reichenbach im Vogtland und Netzschkau. Wikipedia<\/p>\n","protected":false},"author":1,"featured_media":0,"parent":2038,"menu_order":0,"comment_status":"closed","ping_status":"closed","template":"","meta":{"ngg_post_thumbnail":0,"footnotes":""},"class_list":["post-2624","page","type-page","status-publish","hentry"],"jetpack_sharing_enabled":true,"_links":{"self":[{"href":"https:\/\/www.geojrs.com\/index.php?rest_route=\/wp\/v2\/pages\/2624","targetHints":{"allow":["GET"]}}],"collection":[{"href":"https:\/\/www.geojrs.com\/index.php?rest_route=\/wp\/v2\/pages"}],"about":[{"href":"https:\/\/www.geojrs.com\/index.php?rest_route=\/wp\/v2\/types\/page"}],"author":[{"embeddable":true,"href":"https:\/\/www.geojrs.com\/index.php?rest_route=\/wp\/v2\/users\/1"}],"replies":[{"embeddable":true,"href":"https:\/\/www.geojrs.com\/index.php?rest_route=%2Fwp%2Fv2%2Fcomments&post=2624"}],"version-history":[{"count":1,"href":"https:\/\/www.geojrs.com\/index.php?rest_route=\/wp\/v2\/pages\/2624\/revisions"}],"predecessor-version":[{"id":2626,"href":"https:\/\/www.geojrs.com\/index.php?rest_route=\/wp\/v2\/pages\/2624\/revisions\/2626"}],"up":[{"embeddable":true,"href":"https:\/\/www.geojrs.com\/index.php?rest_route=\/wp\/v2\/pages\/2038"}],"wp:attachment":[{"href":"https:\/\/www.geojrs.com\/index.php?rest_route=%2Fwp%2Fv2%2Fmedia&parent=2624"}],"curies":[{"name":"wp","href":"https:\/\/api.w.org\/{rel}","templated":true}]}}