{"id":2646,"date":"2020-06-07T13:12:47","date_gmt":"2020-06-07T11:12:47","guid":{"rendered":"https:\/\/www.geojrs.com\/?page_id=2646"},"modified":"2020-06-07T13:31:33","modified_gmt":"2020-06-07T11:31:33","slug":"schloss-burgk","status":"publish","type":"page","link":"https:\/\/www.geojrs.com\/?page_id=2646","title":{"rendered":"Schloss Burgk"},"content":{"rendered":"\n<p>Malerisch am Ufer der Oberen Saale gelegen, beherbergt die einstige Reu\u00dfische Residenz <a rel=\"noreferrer noopener\" aria-label=\"Schlo\u00df Burgk (\u00f6ffnet in neuem Tab)\" href=\"http:\/\/schloss-burgk.de\" target=\"_blank\">Schlo\u00df Burgk<\/a> nicht nur historische Wohn-und Schaur\u00e4ume nebst kostbarem Interieur, sondern ist mit seinen Sammlungen, Ausstellungen, Konzerten und Festen ein kulturelles Zentrum Ostth\u00fcringens und gilt als eines der sch\u00f6nsten Schl\u00f6sser Mitteldeutschlands.  <\/p>\n\n\n\nngg_shortcode_0_placeholder\n","protected":false},"excerpt":{"rendered":"<p>Malerisch am Ufer der Oberen Saale gelegen, beherbergt die einstige Reu\u00dfische Residenz Schlo\u00df Burgk nicht nur historische Wohn-und Schaur\u00e4ume nebst kostbarem Interieur, sondern ist mit seinen Sammlungen, Ausstellungen, Konzerten und Festen ein kulturelles Zentrum Ostth\u00fcringens und gilt als eines der sch\u00f6nsten Schl\u00f6sser Mitteldeutschlands.<\/p>\n","protected":false},"author":1,"featured_media":0,"parent":2038,"menu_order":0,"comment_status":"closed","ping_status":"closed","template":"","meta":{"ngg_post_thumbnail":0,"footnotes":""},"class_list":["post-2646","page","type-page","status-publish","hentry"],"jetpack_sharing_enabled":true,"_links":{"self":[{"href":"https:\/\/www.geojrs.com\/index.php?rest_route=\/wp\/v2\/pages\/2646","targetHints":{"allow":["GET"]}}],"collection":[{"href":"https:\/\/www.geojrs.com\/index.php?rest_route=\/wp\/v2\/pages"}],"about":[{"href":"https:\/\/www.geojrs.com\/index.php?rest_route=\/wp\/v2\/types\/page"}],"author":[{"embeddable":true,"href":"https:\/\/www.geojrs.com\/index.php?rest_route=\/wp\/v2\/users\/1"}],"replies":[{"embeddable":true,"href":"https:\/\/www.geojrs.com\/index.php?rest_route=%2Fwp%2Fv2%2Fcomments&post=2646"}],"version-history":[{"count":3,"href":"https:\/\/www.geojrs.com\/index.php?rest_route=\/wp\/v2\/pages\/2646\/revisions"}],"predecessor-version":[{"id":2655,"href":"https:\/\/www.geojrs.com\/index.php?rest_route=\/wp\/v2\/pages\/2646\/revisions\/2655"}],"up":[{"embeddable":true,"href":"https:\/\/www.geojrs.com\/index.php?rest_route=\/wp\/v2\/pages\/2038"}],"wp:attachment":[{"href":"https:\/\/www.geojrs.com\/index.php?rest_route=%2Fwp%2Fv2%2Fmedia&parent=2646"}],"curies":[{"name":"wp","href":"https:\/\/api.w.org\/{rel}","templated":true}]}}