{"id":2738,"date":"2020-06-14T20:37:16","date_gmt":"2020-06-14T18:37:16","guid":{"rendered":"https:\/\/www.geojrs.com\/?page_id=2738"},"modified":"2020-07-16T20:21:20","modified_gmt":"2020-07-16T18:21:20","slug":"kyffhaeuser","status":"publish","type":"page","link":"https:\/\/www.geojrs.com\/?page_id=2738","title":{"rendered":"Kyffh\u00e4user"},"content":{"rendered":"\n<p>Der Kyffh\u00e4user ist ein Mittelgebirge s\u00fcd\u00f6stlich  des Harzes im Th\u00fcringer Kyffh\u00e4userkreis sowie im sachsen-anhaltischen  Landkreis Mansfeld-S\u00fcdharz, das eine H\u00f6he von bis 473,6 m \u00fc. NN erreicht  und sich \u00fcber rund 70 km\u00b2 erstreckt.<\/p>\n\n\n\nngg_shortcode_0_placeholder\n\n\n\n<p> <\/p>\n","protected":false},"excerpt":{"rendered":"<p>Der Kyffh\u00e4user ist ein Mittelgebirge s\u00fcd\u00f6stlich des Harzes im Th\u00fcringer Kyffh\u00e4userkreis sowie im sachsen-anhaltischen Landkreis Mansfeld-S\u00fcdharz, das eine H\u00f6he von bis 473,6 m \u00fc. NN erreicht und sich \u00fcber rund 70 km\u00b2 erstreckt.<\/p>\n","protected":false},"author":1,"featured_media":0,"parent":2038,"menu_order":0,"comment_status":"closed","ping_status":"closed","template":"","meta":{"ngg_post_thumbnail":0,"footnotes":""},"class_list":["post-2738","page","type-page","status-publish","hentry"],"jetpack_sharing_enabled":true,"_links":{"self":[{"href":"https:\/\/www.geojrs.com\/index.php?rest_route=\/wp\/v2\/pages\/2738","targetHints":{"allow":["GET"]}}],"collection":[{"href":"https:\/\/www.geojrs.com\/index.php?rest_route=\/wp\/v2\/pages"}],"about":[{"href":"https:\/\/www.geojrs.com\/index.php?rest_route=\/wp\/v2\/types\/page"}],"author":[{"embeddable":true,"href":"https:\/\/www.geojrs.com\/index.php?rest_route=\/wp\/v2\/users\/1"}],"replies":[{"embeddable":true,"href":"https:\/\/www.geojrs.com\/index.php?rest_route=%2Fwp%2Fv2%2Fcomments&post=2738"}],"version-history":[{"count":1,"href":"https:\/\/www.geojrs.com\/index.php?rest_route=\/wp\/v2\/pages\/2738\/revisions"}],"predecessor-version":[{"id":2747,"href":"https:\/\/www.geojrs.com\/index.php?rest_route=\/wp\/v2\/pages\/2738\/revisions\/2747"}],"up":[{"embeddable":true,"href":"https:\/\/www.geojrs.com\/index.php?rest_route=\/wp\/v2\/pages\/2038"}],"wp:attachment":[{"href":"https:\/\/www.geojrs.com\/index.php?rest_route=%2Fwp%2Fv2%2Fmedia&parent=2738"}],"curies":[{"name":"wp","href":"https:\/\/api.w.org\/{rel}","templated":true}]}}