{"id":2817,"date":"2020-07-01T20:05:31","date_gmt":"2020-07-01T18:05:31","guid":{"rendered":"https:\/\/www.geojrs.com\/?page_id=2817"},"modified":"2020-07-16T20:21:48","modified_gmt":"2020-07-16T18:21:48","slug":"2817-2","status":"publish","type":"page","link":"https:\/\/www.geojrs.com\/?page_id=2817","title":{"rendered":"Papierfabrik Forbach"},"content":{"rendered":"\n<p>Die E. Holtzmann &amp; Cie. AG galt einst als gr\u00f6\u00dfter deutscher Papierhersteller. Gegr\u00fcndet wurde die E. Holtzmann &amp; Cie. oHG 1883 von seinem Namensgeber Eugen Holtzmann. Auf dem Areal entstanden \u00fcber die Jahre neben den Produktionsgeb\u00e4uden die Hauptverwaltung, Kraftzentrale, Fahrbereitschaft und EDV, Versandb\u00fcro und Elektrowerkstatt, eine eigene Wohnsiedlung f\u00fcr die Bediensteten sowie eine Kantine und ein Casino. <\/p>\n\n\n\n<p>Jetzt findet man dort &#8230; Erinnerungen &#8230; die Zeit ist stehen geblieben &#8230; man muss es einfach selbst gesehen haben.<\/p>\n\n\n\nngg_shortcode_0_placeholder\n","protected":false},"excerpt":{"rendered":"<p>Die E. Holtzmann &amp; Cie. AG galt einst als gr\u00f6\u00dfter deutscher Papierhersteller. Gegr\u00fcndet wurde die E. Holtzmann &amp; Cie. oHG 1883 von seinem Namensgeber Eugen Holtzmann. Auf dem Areal entstanden \u00fcber die Jahre neben den Produktionsgeb\u00e4uden die Hauptverwaltung, Kraftzentrale, Fahrbereitschaft und EDV, Versandb\u00fcro und Elektrowerkstatt, eine eigene Wohnsiedlung f\u00fcr die Bediensteten sowie eine Kantine und &hellip; <a href=\"https:\/\/www.geojrs.com\/?page_id=2817\" class=\"more-link\"><span class=\"screen-reader-text\">Papierfabrik Forbach<\/span> weiterlesen <span class=\"meta-nav\">&rarr;<\/span><\/a><\/p>\n","protected":false},"author":1,"featured_media":0,"parent":103,"menu_order":0,"comment_status":"closed","ping_status":"closed","template":"","meta":{"ngg_post_thumbnail":0,"footnotes":""},"class_list":["post-2817","page","type-page","status-publish","hentry"],"jetpack_sharing_enabled":true,"_links":{"self":[{"href":"https:\/\/www.geojrs.com\/index.php?rest_route=\/wp\/v2\/pages\/2817","targetHints":{"allow":["GET"]}}],"collection":[{"href":"https:\/\/www.geojrs.com\/index.php?rest_route=\/wp\/v2\/pages"}],"about":[{"href":"https:\/\/www.geojrs.com\/index.php?rest_route=\/wp\/v2\/types\/page"}],"author":[{"embeddable":true,"href":"https:\/\/www.geojrs.com\/index.php?rest_route=\/wp\/v2\/users\/1"}],"replies":[{"embeddable":true,"href":"https:\/\/www.geojrs.com\/index.php?rest_route=%2Fwp%2Fv2%2Fcomments&post=2817"}],"version-history":[{"count":3,"href":"https:\/\/www.geojrs.com\/index.php?rest_route=\/wp\/v2\/pages\/2817\/revisions"}],"predecessor-version":[{"id":2828,"href":"https:\/\/www.geojrs.com\/index.php?rest_route=\/wp\/v2\/pages\/2817\/revisions\/2828"}],"up":[{"embeddable":true,"href":"https:\/\/www.geojrs.com\/index.php?rest_route=\/wp\/v2\/pages\/103"}],"wp:attachment":[{"href":"https:\/\/www.geojrs.com\/index.php?rest_route=%2Fwp%2Fv2%2Fmedia&parent=2817"}],"curies":[{"name":"wp","href":"https:\/\/api.w.org\/{rel}","templated":true}]}}