{"id":2872,"date":"2020-07-16T21:10:27","date_gmt":"2020-07-16T19:10:27","guid":{"rendered":"https:\/\/www.geojrs.com\/?page_id=2872"},"modified":"2020-07-16T21:10:27","modified_gmt":"2020-07-16T19:10:27","slug":"froebelturm","status":"publish","type":"page","link":"https:\/\/www.geojrs.com\/?page_id=2872","title":{"rendered":"Fr\u00f6belturm"},"content":{"rendered":"\n<p>Der <strong><a href=\"https:\/\/de.wikipedia.org\/wiki\/Fr%C3%B6belturm\">Fr\u00f6belturm<\/a><\/strong> ist ein  Aussichtsturm nahe der Bergstadt Oberwei\u00dfbach im Th\u00fcringer Schiefergebirge. Er wurde in den Jahren 1888\u20131890 auf dem Gipfel des 784,2\u00a0<abbr title=\"Meter \u00fcber dem Meeresspiegel\">m<\/abbr><sup><a href=\"https:\/\/de.wikipedia.org\/wiki\/Fr%C3%B6belturm#cite_note-DE_BFN-Karten-1\">[1]<\/a><\/sup> hohen <a href=\"https:\/\/de.wikipedia.org\/wiki\/Kirchberg_(Oberwei%C3%9Fbach)\">Kirchbergs<\/a> vom Th\u00fcringerwald-Verein als Dankeszeichen f\u00fcr <a href=\"https:\/\/de.wikipedia.org\/wiki\/Friedrich_Fr%C3%B6bel\">Friedrich Fr\u00f6bel<\/a>, den Begr\u00fcnder der Kinderg\u00e4rten, errichtet.<\/p>\n\n\n\nngg_shortcode_0_placeholder\n","protected":false},"excerpt":{"rendered":"<p>Der Fr\u00f6belturm ist ein Aussichtsturm nahe der Bergstadt Oberwei\u00dfbach im Th\u00fcringer Schiefergebirge. Er wurde in den Jahren 1888\u20131890 auf dem Gipfel des 784,2\u00a0m[1] hohen Kirchbergs vom Th\u00fcringerwald-Verein als Dankeszeichen f\u00fcr Friedrich Fr\u00f6bel, den Begr\u00fcnder der Kinderg\u00e4rten, errichtet.<\/p>\n","protected":false},"author":1,"featured_media":0,"parent":0,"menu_order":0,"comment_status":"closed","ping_status":"closed","template":"","meta":{"ngg_post_thumbnail":0,"footnotes":""},"class_list":["post-2872","page","type-page","status-publish","hentry"],"jetpack_sharing_enabled":true,"_links":{"self":[{"href":"https:\/\/www.geojrs.com\/index.php?rest_route=\/wp\/v2\/pages\/2872","targetHints":{"allow":["GET"]}}],"collection":[{"href":"https:\/\/www.geojrs.com\/index.php?rest_route=\/wp\/v2\/pages"}],"about":[{"href":"https:\/\/www.geojrs.com\/index.php?rest_route=\/wp\/v2\/types\/page"}],"author":[{"embeddable":true,"href":"https:\/\/www.geojrs.com\/index.php?rest_route=\/wp\/v2\/users\/1"}],"replies":[{"embeddable":true,"href":"https:\/\/www.geojrs.com\/index.php?rest_route=%2Fwp%2Fv2%2Fcomments&post=2872"}],"version-history":[{"count":1,"href":"https:\/\/www.geojrs.com\/index.php?rest_route=\/wp\/v2\/pages\/2872\/revisions"}],"predecessor-version":[{"id":2881,"href":"https:\/\/www.geojrs.com\/index.php?rest_route=\/wp\/v2\/pages\/2872\/revisions\/2881"}],"wp:attachment":[{"href":"https:\/\/www.geojrs.com\/index.php?rest_route=%2Fwp%2Fv2%2Fmedia&parent=2872"}],"curies":[{"name":"wp","href":"https:\/\/api.w.org\/{rel}","templated":true}]}}