{"id":2893,"date":"2020-08-10T21:00:08","date_gmt":"2020-08-10T19:00:08","guid":{"rendered":"https:\/\/www.geojrs.com\/?page_id=2893"},"modified":"2020-08-10T21:00:42","modified_gmt":"2020-08-10T19:00:42","slug":"das-hoellental","status":"publish","type":"page","link":"https:\/\/www.geojrs.com\/?page_id=2893","title":{"rendered":"Das H\u00f6llental"},"content":{"rendered":"\n<p>Einmal bis H\u00f6lle und wieder zur\u00fcck!<\/p>\n\n\n\n<p>Adresse:    H\u00f6lle   H\u00f6llentalstra\u00dfe   95119 Lichtenberg       <\/p>\n\n\n\n<p>Durch das wildromantische H\u00f6llental f\u00fchren viele Wanderwege. Neben den Rundwanderwegen kann man auch 3 Naturlehrpfade erkunden. Gutes Schuhwerk sind auf jeden Fall zu empfehlen.<\/p>\n\n\n\n<p>Auf dem Geopfad zum Beispiel k\u00f6nnen 3 Tradis und der Earth-Cache <a href=\"https:\/\/www.geocaching.com\/geocache\/GC7Y7CM_diabasbrekzie?guid=4e74f229-1abf-4b13-984e-b0688913f937\">GC7Y7CM Diabasbrekzie<\/a> besucht werden. <\/p>\n\n\n\nngg_shortcode_0_placeholder\n","protected":false},"excerpt":{"rendered":"<p>Einmal bis H\u00f6lle und wieder zur\u00fcck! Adresse: H\u00f6lle H\u00f6llentalstra\u00dfe 95119 Lichtenberg Durch das wildromantische H\u00f6llental f\u00fchren viele Wanderwege. Neben den Rundwanderwegen kann man auch 3 Naturlehrpfade erkunden. Gutes Schuhwerk sind auf jeden Fall zu empfehlen. Auf dem Geopfad zum Beispiel k\u00f6nnen 3 Tradis und der Earth-Cache GC7Y7CM Diabasbrekzie besucht werden.<\/p>\n","protected":false},"author":1,"featured_media":0,"parent":517,"menu_order":0,"comment_status":"closed","ping_status":"closed","template":"","meta":{"ngg_post_thumbnail":0,"footnotes":""},"class_list":["post-2893","page","type-page","status-publish","hentry"],"jetpack_sharing_enabled":true,"_links":{"self":[{"href":"https:\/\/www.geojrs.com\/index.php?rest_route=\/wp\/v2\/pages\/2893","targetHints":{"allow":["GET"]}}],"collection":[{"href":"https:\/\/www.geojrs.com\/index.php?rest_route=\/wp\/v2\/pages"}],"about":[{"href":"https:\/\/www.geojrs.com\/index.php?rest_route=\/wp\/v2\/types\/page"}],"author":[{"embeddable":true,"href":"https:\/\/www.geojrs.com\/index.php?rest_route=\/wp\/v2\/users\/1"}],"replies":[{"embeddable":true,"href":"https:\/\/www.geojrs.com\/index.php?rest_route=%2Fwp%2Fv2%2Fcomments&post=2893"}],"version-history":[{"count":1,"href":"https:\/\/www.geojrs.com\/index.php?rest_route=\/wp\/v2\/pages\/2893\/revisions"}],"predecessor-version":[{"id":2901,"href":"https:\/\/www.geojrs.com\/index.php?rest_route=\/wp\/v2\/pages\/2893\/revisions\/2901"}],"up":[{"embeddable":true,"href":"https:\/\/www.geojrs.com\/index.php?rest_route=\/wp\/v2\/pages\/517"}],"wp:attachment":[{"href":"https:\/\/www.geojrs.com\/index.php?rest_route=%2Fwp%2Fv2%2Fmedia&parent=2893"}],"curies":[{"name":"wp","href":"https:\/\/api.w.org\/{rel}","templated":true}]}}