{"id":2933,"date":"2020-09-07T21:17:10","date_gmt":"2020-09-07T19:17:10","guid":{"rendered":"https:\/\/www.geojrs.com\/?page_id=2933"},"modified":"2020-09-07T21:17:10","modified_gmt":"2020-09-07T19:17:10","slug":"pausa-muehltroff","status":"publish","type":"page","link":"https:\/\/www.geojrs.com\/?page_id=2933","title":{"rendered":"Pausa-M\u00fchltroff"},"content":{"rendered":"\n<p>Nach einer alten \u00dcberlieferung wurde <a rel=\"noreferrer noopener\" aria-label=\"Pausa (\u00f6ffnet in neuem Tab)\" href=\"http:\/\/www.stadt-pausa-muehltroff.de\/erdachse.18,de.html\" target=\"_blank\">Pausa<\/a> schon vor Hunderten von Jahren scherzweise als &#8222;Mittelpunkt der Erde&#8220; bezeichnet. In der Chronik von Pausa steht geschrieben, dass Pausa ungef\u00e4hr im Mittelpunkt, aber nicht der Erde, sondern des alten Vogtlandes liege. Wenn man n\u00e4mlich den Zirkel da absetze, wo Pausa auf der Karte liegt und bis an die Grenze des fr\u00fcheren F\u00fcrstentums Reu\u00df, j\u00fcngerer Linie (ungef\u00e4hr auf die halbe Strecke zwischen Gera und Zeitz) ausspanne und damit einen Kreis beschreibe, so wird man im allgemeinen die Grenzen des alten Vogtlandes haben.<\/p>\n\n\n\n<figure class=\"wp-block-image\"><img loading=\"lazy\" decoding=\"async\" width=\"960\" height=\"1280\" src=\"https:\/\/i1.wp.com\/www.geojrs.com\/wp-content\/uploads\/2020\/09\/IMG_2056.jpeg?fit=474%2C632&amp;ssl=1\" alt=\"\" class=\"wp-image-2935\" srcset=\"https:\/\/i0.wp.com\/www.geojrs.com\/wp-content\/uploads\/2020\/09\/IMG_2056.jpeg?w=960&amp;ssl=1 960w, https:\/\/i0.wp.com\/www.geojrs.com\/wp-content\/uploads\/2020\/09\/IMG_2056.jpeg?resize=225%2C300&amp;ssl=1 225w, https:\/\/i0.wp.com\/www.geojrs.com\/wp-content\/uploads\/2020\/09\/IMG_2056.jpeg?resize=768%2C1024&amp;ssl=1 768w\" sizes=\"auto, (max-width: 474px) 100vw, 474px\" \/><\/figure>\n\n\n\n<p>Viele Besucher von Pausa lassen es sich nicht nehmen, die neu gefasste Erdachse im Keller des Rathauses anzuschauen und selbst zu schmieren. Spezielle &#8222;Erdachsenschmiere&#8220; befindet sich vor Ort.<\/p>\n\n\n\n<figure class=\"wp-block-image\"><img loading=\"lazy\" decoding=\"async\" width=\"1280\" height=\"960\" src=\"https:\/\/i1.wp.com\/www.geojrs.com\/wp-content\/uploads\/2020\/09\/IMG_2050.jpeg?fit=474%2C356&amp;ssl=1\" alt=\"\" class=\"wp-image-2934\" srcset=\"https:\/\/i0.wp.com\/www.geojrs.com\/wp-content\/uploads\/2020\/09\/IMG_2050.jpeg?w=1280&amp;ssl=1 1280w, https:\/\/i0.wp.com\/www.geojrs.com\/wp-content\/uploads\/2020\/09\/IMG_2050.jpeg?resize=300%2C225&amp;ssl=1 300w, https:\/\/i0.wp.com\/www.geojrs.com\/wp-content\/uploads\/2020\/09\/IMG_2050.jpeg?resize=768%2C576&amp;ssl=1 768w, https:\/\/i0.wp.com\/www.geojrs.com\/wp-content\/uploads\/2020\/09\/IMG_2050.jpeg?resize=1024%2C768&amp;ssl=1 1024w, https:\/\/i0.wp.com\/www.geojrs.com\/wp-content\/uploads\/2020\/09\/IMG_2050.jpeg?w=948&amp;ssl=1 948w\" sizes=\"auto, (max-width: 474px) 100vw, 474px\" \/><\/figure>\n","protected":false},"excerpt":{"rendered":"<p>Nach einer alten \u00dcberlieferung wurde Pausa schon vor Hunderten von Jahren scherzweise als &#8222;Mittelpunkt der Erde&#8220; bezeichnet. In der Chronik von Pausa steht geschrieben, dass Pausa ungef\u00e4hr im Mittelpunkt, aber nicht der Erde, sondern des alten Vogtlandes liege. Wenn man n\u00e4mlich den Zirkel da absetze, wo Pausa auf der Karte liegt und bis an die &hellip; <a href=\"https:\/\/www.geojrs.com\/?page_id=2933\" class=\"more-link\"><span class=\"screen-reader-text\">Pausa-M\u00fchltroff<\/span> weiterlesen <span class=\"meta-nav\">&rarr;<\/span><\/a><\/p>\n","protected":false},"author":1,"featured_media":0,"parent":0,"menu_order":0,"comment_status":"closed","ping_status":"closed","template":"","meta":{"ngg_post_thumbnail":0,"footnotes":""},"class_list":["post-2933","page","type-page","status-publish","hentry"],"jetpack_sharing_enabled":true,"_links":{"self":[{"href":"https:\/\/www.geojrs.com\/index.php?rest_route=\/wp\/v2\/pages\/2933","targetHints":{"allow":["GET"]}}],"collection":[{"href":"https:\/\/www.geojrs.com\/index.php?rest_route=\/wp\/v2\/pages"}],"about":[{"href":"https:\/\/www.geojrs.com\/index.php?rest_route=\/wp\/v2\/types\/page"}],"author":[{"embeddable":true,"href":"https:\/\/www.geojrs.com\/index.php?rest_route=\/wp\/v2\/users\/1"}],"replies":[{"embeddable":true,"href":"https:\/\/www.geojrs.com\/index.php?rest_route=%2Fwp%2Fv2%2Fcomments&post=2933"}],"version-history":[{"count":1,"href":"https:\/\/www.geojrs.com\/index.php?rest_route=\/wp\/v2\/pages\/2933\/revisions"}],"predecessor-version":[{"id":2936,"href":"https:\/\/www.geojrs.com\/index.php?rest_route=\/wp\/v2\/pages\/2933\/revisions\/2936"}],"wp:attachment":[{"href":"https:\/\/www.geojrs.com\/index.php?rest_route=%2Fwp%2Fv2%2Fmedia&parent=2933"}],"curies":[{"name":"wp","href":"https:\/\/api.w.org\/{rel}","templated":true}]}}