{"id":2947,"date":"2020-09-07T21:30:27","date_gmt":"2020-09-07T19:30:27","guid":{"rendered":"https:\/\/www.geojrs.com\/?page_id=2947"},"modified":"2020-09-07T21:30:27","modified_gmt":"2020-09-07T19:30:27","slug":"zwickau","status":"publish","type":"page","link":"https:\/\/www.geojrs.com\/?page_id=2947","title":{"rendered":"Zwickau"},"content":{"rendered":"\n<p>In <a href=\"https:\/\/www.zwickau.de\/de\/index.php\" target=\"_blank\" rel=\"noreferrer noopener\" aria-label=\"Zwickau (\u00f6ffnet in neuem Tab)\">Zwickau<\/a>, Sachsens viertgr\u00f6\u00dfter Stadt mit ca. 90.000 Einwohnern, kann man viel entdecken.  <\/p>\n\n\n\n<p>Exakt  an der Stelle, wo die Firma Audi gegr\u00fcndet wurde, pr\u00e4sentiert seit 2004  das v\u00f6llig neukonzipierte Museum, das <a href=\"https:\/\/www.horch-museum.de\/\" target=\"_blank\" rel=\"noreferrer noopener\" aria-label=\"August Horch Museum (\u00f6ffnet in neuem Tab)\">August Horch Museum<\/a>, die facettenreiche Zwickauer  Automobilgeschichte.<\/p>\n\n\n\n<p>Die \u201ePriesterh\u00e4user\u201c z\u00e4hlen zu den \u00e4ltesten erhaltenen st\u00e4dtischen Wohngeb\u00e4uden Deutschlands.<\/p>\n\n\n\n<p>Im Eckhaus am Hauptmarkt erblickte <a href=\"https:\/\/de.wikipedia.org\/wiki\/Robert_Schumann\" target=\"_blank\" rel=\"noreferrer noopener\" aria-label=\"Robert Schumann (\u00f6ffnet in neuem Tab)\">Robert Schumann<\/a> am 8. Juni 1810 das Licht der Welt. Sein Vater August, der als Erfinder des Taschenbuchs gilt, betrieb hier erfolgreich eine Buch- und Verlagshandlung.<\/p>\n\n\n\nngg_shortcode_0_placeholder\n","protected":false},"excerpt":{"rendered":"<p>In Zwickau, Sachsens viertgr\u00f6\u00dfter Stadt mit ca. 90.000 Einwohnern, kann man viel entdecken. Exakt an der Stelle, wo die Firma Audi gegr\u00fcndet wurde, pr\u00e4sentiert seit 2004 das v\u00f6llig neukonzipierte Museum, das August Horch Museum, die facettenreiche Zwickauer Automobilgeschichte. Die \u201ePriesterh\u00e4user\u201c z\u00e4hlen zu den \u00e4ltesten erhaltenen st\u00e4dtischen Wohngeb\u00e4uden Deutschlands. Im Eckhaus am Hauptmarkt erblickte Robert Schumann &hellip; <a href=\"https:\/\/www.geojrs.com\/?page_id=2947\" class=\"more-link\"><span class=\"screen-reader-text\">Zwickau<\/span> weiterlesen <span class=\"meta-nav\">&rarr;<\/span><\/a><\/p>\n","protected":false},"author":1,"featured_media":0,"parent":0,"menu_order":0,"comment_status":"closed","ping_status":"closed","template":"","meta":{"ngg_post_thumbnail":0,"footnotes":""},"class_list":["post-2947","page","type-page","status-publish","hentry"],"jetpack_sharing_enabled":true,"_links":{"self":[{"href":"https:\/\/www.geojrs.com\/index.php?rest_route=\/wp\/v2\/pages\/2947","targetHints":{"allow":["GET"]}}],"collection":[{"href":"https:\/\/www.geojrs.com\/index.php?rest_route=\/wp\/v2\/pages"}],"about":[{"href":"https:\/\/www.geojrs.com\/index.php?rest_route=\/wp\/v2\/types\/page"}],"author":[{"embeddable":true,"href":"https:\/\/www.geojrs.com\/index.php?rest_route=\/wp\/v2\/users\/1"}],"replies":[{"embeddable":true,"href":"https:\/\/www.geojrs.com\/index.php?rest_route=%2Fwp%2Fv2%2Fcomments&post=2947"}],"version-history":[{"count":1,"href":"https:\/\/www.geojrs.com\/index.php?rest_route=\/wp\/v2\/pages\/2947\/revisions"}],"predecessor-version":[{"id":2948,"href":"https:\/\/www.geojrs.com\/index.php?rest_route=\/wp\/v2\/pages\/2947\/revisions\/2948"}],"wp:attachment":[{"href":"https:\/\/www.geojrs.com\/index.php?rest_route=%2Fwp%2Fv2%2Fmedia&parent=2947"}],"curies":[{"name":"wp","href":"https:\/\/api.w.org\/{rel}","templated":true}]}}