{"id":2950,"date":"2020-09-08T21:23:55","date_gmt":"2020-09-08T19:23:55","guid":{"rendered":"https:\/\/www.geojrs.com\/?page_id=2950"},"modified":"2020-09-08T21:31:14","modified_gmt":"2020-09-08T19:31:14","slug":"pottiga-saale-orla-kreis","status":"publish","type":"page","link":"https:\/\/www.geojrs.com\/?page_id=2950","title":{"rendered":"Pottiga (Saale Orla Kreis)"},"content":{"rendered":"\n<p>Bereits der Altb\u00fcrgermeister Gunter Ro\u00dfmann wollte in den 90er Jahren an dieser Stelle einen Aussichtsturm errichten.  Erst im Jahr 2007 wurde der Beschluss zur Errichtung einer Aussichtsplattform gefasst. 2009\/2010 wurden zusammen mit dem Heimatverein Pottiga 2006 die F\u00f6rdergelder beantragt und die ersten Bauma\u00dfnahmen durchgef\u00fchrt. Die Aufstellung der Aussichtsplattform erfolgte am 05.04.2011 und am 28.05.2011 wurde die Er\u00f6ffnung gefeiert.<\/p>\n\n\n\n<p>Daten und Fakten: 31 Stufen bis zur Kanzel, Gesamtgewicht ca. 12 t, 472 \u00fcber NN<\/p>\n\n\n\n<p>Nach der Fertigstellung der Plattform wurde \u00fcberlegt einen wetterfesten Rastplatz f\u00fcr die Wanderer und Radfahrer bereitzustellen und so wurde 2018 der Pavillion &#8211; Die Ruheinsel &#8211; eingeweiht. <\/p>\n\n\n\n<p>Der Pavillion verf\u00fcgt \u00fcber Sitzpl\u00e4tze, Stromanschlu\u00df zum Aufladen von E-Bikes, Tablets, Handy, ect. und einem kostenfreien WLAN Bereich. Achtung der Bereich wird video\u00fcberwacht.<\/p>\n\n\n\n<p>Nach dem der Ausblick genossen wurde kann man hier noch das LHU D\u00f6schen <a href=\"https:\/\/www.geocaching.com\/geocache\/GC8FH4N_lhu-grenzenlos\">GC8FH4N LHU grenzenlos<\/a> suchen, finden und loggen.<\/p>\n\n\n\nngg_shortcode_0_placeholder\n","protected":false},"excerpt":{"rendered":"<p>Bereits der Altb\u00fcrgermeister Gunter Ro\u00dfmann wollte in den 90er Jahren an dieser Stelle einen Aussichtsturm errichten. Erst im Jahr 2007 wurde der Beschluss zur Errichtung einer Aussichtsplattform gefasst. 2009\/2010 wurden zusammen mit dem Heimatverein Pottiga 2006 die F\u00f6rdergelder beantragt und die ersten Bauma\u00dfnahmen durchgef\u00fchrt. Die Aufstellung der Aussichtsplattform erfolgte am 05.04.2011 und am 28.05.2011 wurde &hellip; <a href=\"https:\/\/www.geojrs.com\/?page_id=2950\" class=\"more-link\"><span class=\"screen-reader-text\">Pottiga (Saale Orla Kreis)<\/span> weiterlesen <span class=\"meta-nav\">&rarr;<\/span><\/a><\/p>\n","protected":false},"author":1,"featured_media":0,"parent":517,"menu_order":0,"comment_status":"closed","ping_status":"closed","template":"","meta":{"ngg_post_thumbnail":0,"footnotes":""},"class_list":["post-2950","page","type-page","status-publish","hentry"],"jetpack_sharing_enabled":true,"_links":{"self":[{"href":"https:\/\/www.geojrs.com\/index.php?rest_route=\/wp\/v2\/pages\/2950","targetHints":{"allow":["GET"]}}],"collection":[{"href":"https:\/\/www.geojrs.com\/index.php?rest_route=\/wp\/v2\/pages"}],"about":[{"href":"https:\/\/www.geojrs.com\/index.php?rest_route=\/wp\/v2\/types\/page"}],"author":[{"embeddable":true,"href":"https:\/\/www.geojrs.com\/index.php?rest_route=\/wp\/v2\/users\/1"}],"replies":[{"embeddable":true,"href":"https:\/\/www.geojrs.com\/index.php?rest_route=%2Fwp%2Fv2%2Fcomments&post=2950"}],"version-history":[{"count":3,"href":"https:\/\/www.geojrs.com\/index.php?rest_route=\/wp\/v2\/pages\/2950\/revisions"}],"predecessor-version":[{"id":2960,"href":"https:\/\/www.geojrs.com\/index.php?rest_route=\/wp\/v2\/pages\/2950\/revisions\/2960"}],"up":[{"embeddable":true,"href":"https:\/\/www.geojrs.com\/index.php?rest_route=\/wp\/v2\/pages\/517"}],"wp:attachment":[{"href":"https:\/\/www.geojrs.com\/index.php?rest_route=%2Fwp%2Fv2%2Fmedia&parent=2950"}],"curies":[{"name":"wp","href":"https:\/\/api.w.org\/{rel}","templated":true}]}}