{"id":3713,"date":"2023-06-09T21:09:19","date_gmt":"2023-06-09T19:09:19","guid":{"rendered":"https:\/\/www.geojrs.com\/?page_id=3713"},"modified":"2024-03-03T19:47:27","modified_gmt":"2024-03-03T18:47:27","slug":"landgasthof-und-pension-schmidt-ruppersdorf","status":"publish","type":"page","link":"https:\/\/www.geojrs.com\/?page_id=3713","title":{"rendered":"Landgasthof und Pension Schmidt, Ruppersdorf"},"content":{"rendered":"\n<p>Wildgerichte, verschiedene Braten, Rouladen und dazu nat\u00fcrlich hangemachte, echte Th\u00fcringer Kl\u00f6\u00dfe.  <\/p>\n\n\n\n<p>Im <a rel=\"noreferrer noopener\" href=\"http:\/\/landgasthof-schmidt.de\/\" target=\"_blank\">Landgasthof Schmidt<\/a>  gef\u00e4llt es uns sehr und wir k\u00f6nnen die regionale Th\u00fcringer K\u00fcche sehr empfehlen. <\/p>\n\n\n\n<figure class=\"wp-block-image size-large\"><img data-recalc-dims=\"1\" loading=\"lazy\" decoding=\"async\" width=\"474\" height=\"356\" src=\"https:\/\/i0.wp.com\/www.geojrs.com\/wp-content\/uploads\/2023\/06\/IMG_6103.jpg?resize=474%2C356&#038;ssl=1\" alt=\"\" class=\"wp-image-3715\" srcset=\"https:\/\/i0.wp.com\/www.geojrs.com\/wp-content\/uploads\/2023\/06\/IMG_6103.jpg?resize=1024%2C768&amp;ssl=1 1024w, https:\/\/i0.wp.com\/www.geojrs.com\/wp-content\/uploads\/2023\/06\/IMG_6103.jpg?resize=300%2C225&amp;ssl=1 300w, https:\/\/i0.wp.com\/www.geojrs.com\/wp-content\/uploads\/2023\/06\/IMG_6103.jpg?resize=768%2C576&amp;ssl=1 768w, https:\/\/i0.wp.com\/www.geojrs.com\/wp-content\/uploads\/2023\/06\/IMG_6103.jpg?resize=1536%2C1152&amp;ssl=1 1536w, https:\/\/i0.wp.com\/www.geojrs.com\/wp-content\/uploads\/2023\/06\/IMG_6103.jpg?resize=2048%2C1536&amp;ssl=1 2048w, https:\/\/i0.wp.com\/www.geojrs.com\/wp-content\/uploads\/2023\/06\/IMG_6103.jpg?w=948&amp;ssl=1 948w, https:\/\/i0.wp.com\/www.geojrs.com\/wp-content\/uploads\/2023\/06\/IMG_6103.jpg?w=1422&amp;ssl=1 1422w\" sizes=\"auto, (max-width: 474px) 100vw, 474px\" \/><\/figure>\n\n\n\n<iframe src=\"https:\/\/www.google.com\/maps\/embed?pb=!1m18!1m12!1m3!1d2537.2233629111215!2d11.571714576255115!3d50.5114106716039!2m3!1f0!2f0!3f0!3m2!1i1024!2i768!4f13.1!3m3!1m2!1s0x47a14367e33917eb%3A0x6258ccc5401530f4!2sLandgasthof%20%26%20Pension%20Schmidt!5e0!3m2!1sde!2sde!4v1709491625262!5m2!1sde!2sde\" width=\"600\" height=\"450\" style=\"border:0;\" allowfullscreen=\"\" loading=\"lazy\" referrerpolicy=\"no-referrer-when-downgrade\"><\/iframe>\n","protected":false},"excerpt":{"rendered":"<p>Wildgerichte, verschiedene Braten, Rouladen und dazu nat\u00fcrlich hangemachte, echte Th\u00fcringer Kl\u00f6\u00dfe. Im Landgasthof Schmidt gef\u00e4llt es uns sehr und wir k\u00f6nnen die regionale Th\u00fcringer K\u00fcche sehr empfehlen.<\/p>\n","protected":false},"author":1,"featured_media":0,"parent":2198,"menu_order":0,"comment_status":"closed","ping_status":"closed","template":"","meta":{"ngg_post_thumbnail":0,"footnotes":""},"class_list":["post-3713","page","type-page","status-publish","hentry"],"jetpack_sharing_enabled":true,"_links":{"self":[{"href":"https:\/\/www.geojrs.com\/index.php?rest_route=\/wp\/v2\/pages\/3713","targetHints":{"allow":["GET"]}}],"collection":[{"href":"https:\/\/www.geojrs.com\/index.php?rest_route=\/wp\/v2\/pages"}],"about":[{"href":"https:\/\/www.geojrs.com\/index.php?rest_route=\/wp\/v2\/types\/page"}],"author":[{"embeddable":true,"href":"https:\/\/www.geojrs.com\/index.php?rest_route=\/wp\/v2\/users\/1"}],"replies":[{"embeddable":true,"href":"https:\/\/www.geojrs.com\/index.php?rest_route=%2Fwp%2Fv2%2Fcomments&post=3713"}],"version-history":[{"count":2,"href":"https:\/\/www.geojrs.com\/index.php?rest_route=\/wp\/v2\/pages\/3713\/revisions"}],"predecessor-version":[{"id":3779,"href":"https:\/\/www.geojrs.com\/index.php?rest_route=\/wp\/v2\/pages\/3713\/revisions\/3779"}],"up":[{"embeddable":true,"href":"https:\/\/www.geojrs.com\/index.php?rest_route=\/wp\/v2\/pages\/2198"}],"wp:attachment":[{"href":"https:\/\/www.geojrs.com\/index.php?rest_route=%2Fwp%2Fv2%2Fmedia&parent=3713"}],"curies":[{"name":"wp","href":"https:\/\/api.w.org\/{rel}","templated":true}]}}